{"id":4226,"date":"2026-01-26T18:51:20","date_gmt":"2026-01-26T16:51:20","guid":{"rendered":"https:\/\/guest.sailing-santorini.com\/informacoes-importantes-sobre-a-digressao\/"},"modified":"2026-01-26T18:51:20","modified_gmt":"2026-01-26T16:51:20","slug":"informacoes-importantes-sobre-a-digressao","status":"publish","type":"page","link":"https:\/\/guest.sailing-santorini.com\/pt-pt\/informacoes-importantes-sobre-a-digressao\/","title":{"rendered":"Informa\u00e7\u00f5es importantes sobre a digress\u00e3o"},"content":{"rendered":"<p><strong>ENQUANTO EST\u00c1S A BORDO DO IATE<\/strong><\/p>\n<ul>\n<li>Se n\u00e3o te sentires confiante nas tuas capacidades de nata\u00e7\u00e3o, <strong>pede \u00e0 tripula\u00e7\u00e3o um macarr\u00e3o de nata\u00e7\u00e3o gratuito<\/strong>.<\/li>\n<li>Mant\u00e9m <strong>sempre uma m\u00e3o livre quando te deslocas no iate<\/strong> e evita transportar v\u00e1rios objectos ao mesmo tempo.<\/li>\n<li>As superf\u00edcies brancas do iate incluem janelas pretas &#8211; por favor, n\u00e3o as pises, pois podem ser escorregadias. Pisa sempre nas \u00e1reas brancas.<\/li>\n<li>As duas redes de seguran\u00e7a na parte da frente do iate n\u00e3o s\u00e3o trampolins, n\u00e3o foram concebidas para saltar.  <strong>Por favor, n\u00e3o saltes nem te deites nas redes durante a navega\u00e7\u00e3o; estas s\u00f3 podem ser utilizadas quando o iate estiver parado<\/strong><\/li>\n<li><strong>N\u00e3o \u00e9 permitido mergulhar a partir da parte da frente do iate.<\/strong>  Podes mergulhar a partir das \u00e1reas laterais designadas ou a partir da parte de tr\u00e1s do iate, perto da escada.<\/li>\n<li>O iate est\u00e1 equipado com casas de banho mar\u00edtimas. <strong>Por favor, n\u00e3o deites papel higi\u00e9nico, pl\u00e1sticos ou quaisquer outros artigos na sanita. Utiliza o caixote do lixo fornecido.<\/strong><\/li>\n<li>De acordo com a legisla\u00e7\u00e3o grega, n\u00e3o \u00e9 permitido atracar iates e barcos diretamente na praia. Sunset Oia selecionou cuidadosamente os melhores locais para nadar e fazer snorkeling, t\u00e3o perto da costa quanto os regulamentos o permitem.<\/li>\n<\/ul>\n<p><strong>ENJOO DE MOVIMENTO<\/strong><\/p>\n<ul>\n<li>A nossa tripula\u00e7\u00e3o oferece pastilhas el\u00e1sticas naturais para ajudar a prevenir o enjoo &#8211; n\u00e3o hesites em perguntar.<\/li>\n<li>Tenta n\u00e3o te concentrares no enjoo, pois na maioria dos casos \u00e9 psicol\u00f3gico.<\/li>\n<\/ul>\n<p><strong>ITINER\u00c1RIO E PARAGENS<\/strong><\/p>\n<ul>\n<li>Breve paragem nas <strong>fontes termais<\/strong> para nadar e tirar fotografias<\/li>\n<li>Navega\u00e7\u00e3o panor\u00e2mica passando por <strong>Aspronissi, o Farol Velho, Akrotiri, Indian Rock e a Montanha Negra<\/strong><\/li>\n<li>Paragem para nadar e fazer snorkeling na <strong>zona da praia branca (Messa Pigadia)<\/strong><\/li>\n<li>Paragem para nadar e fazer snorkeling na <strong>zona da praia vermelha<\/strong><\/li>\n<\/ul>\n<p><em>O itiner\u00e1rio e as paragens podem ser ajustados sem aviso pr\u00e9vio em caso de condi\u00e7\u00f5es meteorol\u00f3gicas adversas.<\/em><\/p>\n<p><strong>NAS FONTES TERMAIS<\/strong><\/p>\n<p>Por favor, <strong>n\u00e3o<\/strong> nades <strong>nas Hot Springs<\/strong> se tiveres alguma das seguintes condi\u00e7\u00f5es:<\/p>\n<ul>\n<li>Doen\u00e7a card\u00edaca (com ou sem medica\u00e7\u00e3o)<\/li>\n<li>Alergia ao enxofre<\/li>\n<li>Hipotermia<\/li>\n<li>Gravidez<\/li>\n<li>Refei\u00e7\u00e3o pesada recente que causa desconforto<\/li>\n<li>Capacidade de nata\u00e7\u00e3o limitada<\/li>\n<\/ul>\n<p>Podes optar por nadar \u00e0 volta do iate ou permanecer a bordo.<\/p>\n<ul>\n<li>Evita pisar as rochas, pois s\u00e3o muito escorregadias.<\/li>\n<li>Por raz\u00f5es de seguran\u00e7a, os catamar\u00e3s e iates ancoram a cerca de 50 metros das \u00e1guas quentes e sulfurosas.<\/li>\n<li>A temperatura da \u00e1gua na zona de Hot Springs \u00e9 at\u00e9 4\u00b0C mais quente do que no mar alto.<\/li>\n<li>Os fatos de banho brancos ou de cores claras podem ficar manchados devido ao enxofre. As j\u00f3ias (prata ou ouro) tamb\u00e9m podem descolorir. Evita trazer objectos de valor.<\/li>\n<\/ul>\n<p><strong>DURA\u00c7\u00c3O<\/strong><\/p>\n<ul>\n<li>Dura\u00e7\u00e3o do cruzeiro de meio dia: aproximadamente <strong>5 horas<\/strong><\/li>\n<\/ul>\n<p>A dura\u00e7\u00e3o pode variar consoante a esta\u00e7\u00e3o do ano, especialmente no caso dos cruzeiros ao p\u00f4r do sol:<br \/>\njunho: aproximadamente 6 horas (mais luz do dia)<br \/>\noutubro: aproximadamente 4 horas e 30 minutos<\/p>\n<p><strong>SERVI\u00c7OS GRATUITOS<\/strong><\/p>\n<ul>\n<li><strong>Churrasco preparado a bordo<\/strong>, incluindo carne de porco ou frango ou legumes grelhados, marisco, massa, folhas de videira recheadas com arroz, tzatziki, salada grega e p\u00e3o pita\n<ul>\n<li>Cruzeiro Diamante: Peixe fresco dispon\u00edvel<\/li>\n<li>Cruzeiro Vermelho: Marisco e massas n\u00e3o fornecidos<\/li>\n<\/ul>\n<\/li>\n<li><strong>Bebidas<\/strong>: Refrigerantes, vinho branco local, cerveja e \u00e1gua\n<ul>\n<li>Red Cruise: os servi\u00e7os gratuitos n\u00e3o incluem cerveja.<\/li>\n<\/ul>\n<\/li>\n<li>Equipamento de snorkeling e dispositivos de flutua\u00e7\u00e3o (a devolver \u00e0 tripula\u00e7\u00e3o)<\/li>\n<li>Toalhas (a devolver \u00e0 tripula\u00e7\u00e3o)<\/li>\n<li>Cobertores (a devolver \u00e0 tripula\u00e7\u00e3o)<\/li>\n<\/ul>\n","protected":false},"excerpt":{"rendered":"<p>ENQUANTO EST\u00c1S A BORDO DO IATE Se n\u00e3o te sentires confiante nas tuas capacidades de nata\u00e7\u00e3o, pede \u00e0 tripula\u00e7\u00e3o um macarr\u00e3o de nata\u00e7\u00e3o gratuito. Mant\u00e9m sempre uma m\u00e3o livre quando te deslocas no iate e evita transportar v\u00e1rios objectos ao&hellip;<\/p>\n","protected":false},"author":1,"featured_media":0,"parent":0,"menu_order":0,"comment_status":"closed","ping_status":"closed","template":"kobo\/intro.php","meta":{"_acf_changed":false,"footnotes":""},"class_list":["post-4226","page","type-page","status-publish","hentry","entry","no-media"],"acf":[],"_links":{"self":[{"href":"https:\/\/guest.sailing-santorini.com\/pt-pt\/wp-json\/wp\/v2\/pages\/4226","targetHints":{"allow":["GET"]}}],"collection":[{"href":"https:\/\/guest.sailing-santorini.com\/pt-pt\/wp-json\/wp\/v2\/pages"}],"about":[{"href":"https:\/\/guest.sailing-santorini.com\/pt-pt\/wp-json\/wp\/v2\/types\/page"}],"author":[{"embeddable":true,"href":"https:\/\/guest.sailing-santorini.com\/pt-pt\/wp-json\/wp\/v2\/users\/1"}],"replies":[{"embeddable":true,"href":"https:\/\/guest.sailing-santorini.com\/pt-pt\/wp-json\/wp\/v2\/comments?post=4226"}],"version-history":[{"count":0,"href":"https:\/\/guest.sailing-santorini.com\/pt-pt\/wp-json\/wp\/v2\/pages\/4226\/revisions"}],"wp:attachment":[{"href":"https:\/\/guest.sailing-santorini.com\/pt-pt\/wp-json\/wp\/v2\/media?parent=4226"}],"curies":[{"name":"wp","href":"https:\/\/api.w.org\/{rel}","templated":true}]}}