{"id":4217,"date":"2025-02-15T19:40:09","date_gmt":"2025-02-15T17:40:09","guid":{"rendered":"https:\/\/guest.sailing-santorini.com\/casa\/"},"modified":"2025-02-15T19:40:09","modified_gmt":"2025-02-15T17:40:09","slug":"casa","status":"publish","type":"page","link":"https:\/\/guest.sailing-santorini.com\/pt-pt\/","title":{"rendered":"Casa"},"content":{"rendered":"<p>O Sunset Oia d\u00e1-te as boas-vindas a bordo e convida-te a relaxar e a desfrutar do teu cruzeiro por Santorini. O nosso capit\u00e3o e a nossa tripula\u00e7\u00e3o est\u00e3o aqui para garantir a tua seguran\u00e7a e oferecer-te uma experi\u00eancia inesquec\u00edvel. Deixa a aventura come\u00e7ar!<\/p>\n","protected":false},"excerpt":{"rendered":"<p>O Sunset Oia d\u00e1-te as boas-vindas a bordo e convida-te a relaxar e a desfrutar do teu cruzeiro por Santorini. O nosso capit\u00e3o e a nossa tripula\u00e7\u00e3o est\u00e3o aqui para garantir a tua seguran\u00e7a e oferecer-te uma experi\u00eancia inesquec\u00edvel. Deixa&hellip;<\/p>\n","protected":false},"author":1,"featured_media":0,"parent":0,"menu_order":0,"comment_status":"closed","ping_status":"closed","template":"kobo\/home.php","meta":{"_acf_changed":false,"footnotes":""},"class_list":["post-4217","page","type-page","status-publish","hentry","header-overlay","entry","no-media"],"acf":[],"_links":{"self":[{"href":"https:\/\/guest.sailing-santorini.com\/pt-pt\/wp-json\/wp\/v2\/pages\/4217","targetHints":{"allow":["GET"]}}],"collection":[{"href":"https:\/\/guest.sailing-santorini.com\/pt-pt\/wp-json\/wp\/v2\/pages"}],"about":[{"href":"https:\/\/guest.sailing-santorini.com\/pt-pt\/wp-json\/wp\/v2\/types\/page"}],"author":[{"embeddable":true,"href":"https:\/\/guest.sailing-santorini.com\/pt-pt\/wp-json\/wp\/v2\/users\/1"}],"replies":[{"embeddable":true,"href":"https:\/\/guest.sailing-santorini.com\/pt-pt\/wp-json\/wp\/v2\/comments?post=4217"}],"version-history":[{"count":0,"href":"https:\/\/guest.sailing-santorini.com\/pt-pt\/wp-json\/wp\/v2\/pages\/4217\/revisions"}],"wp:attachment":[{"href":"https:\/\/guest.sailing-santorini.com\/pt-pt\/wp-json\/wp\/v2\/media?parent=4217"}],"curies":[{"name":"wp","href":"https:\/\/api.w.org\/{rel}","templated":true}]}}