{"id":4195,"date":"2026-01-26T18:51:20","date_gmt":"2026-01-26T16:51:20","guid":{"rendered":"https:\/\/guest.sailing-santorini.com\/informations-importantes-sur-les-visites-guidees\/"},"modified":"2026-01-26T18:51:20","modified_gmt":"2026-01-26T16:51:20","slug":"informations-importantes-sur-les-visites-guidees","status":"publish","type":"page","link":"https:\/\/guest.sailing-santorini.com\/fr\/informations-importantes-sur-les-visites-guidees\/","title":{"rendered":"Informations importantes sur les visites guid\u00e9es"},"content":{"rendered":"<p><strong>\u00c0 BORD DU YACHT<\/strong><\/p>\n<ul>\n<li>Si vous n&rsquo;avez pas confiance en vos capacit\u00e9s de nageur, <strong>demandez \u00e0 l&rsquo;\u00e9quipage une nageoire gratuite.<\/strong><\/li>\n<li><strong>Gardez toujours une main libre lorsque vous vous d\u00e9placez dans le yacht<\/strong> et \u00e9vitez de porter plusieurs objets \u00e0 la fois.<\/li>\n<li>Les surfaces blanches du yacht comprennent des fen\u00eatres noires &#8211; veuillez ne pas marcher dessus, car elles peuvent \u00eatre glissantes. Marchez toujours sur les zones blanches.<\/li>\n<li>Les deux filets de s\u00e9curit\u00e9 \u00e0 l&rsquo;avant du bateau ne sont pas des trampolines, ils ne sont pas con\u00e7us pour sauter.  <strong>Ne sautez pas et ne vous allongez pas sur les filets pendant que vous naviguez ; ils ne peuvent \u00eatre utilis\u00e9s que lorsque le bateau est \u00e0 l&rsquo;arr\u00eat.<\/strong><\/li>\n<li><strong>Il est interdit de plonger depuis l&rsquo;avant du bateau.<\/strong>  Vous pouvez plonger depuis les zones lat\u00e9rales d\u00e9sign\u00e9es ou depuis l&rsquo;arri\u00e8re du yacht, pr\u00e8s de l&rsquo;\u00e9chelle.<\/li>\n<li>Le yacht est \u00e9quip\u00e9 de toilettes marines. <strong>Veuillez ne pas jeter de papier hygi\u00e9nique, de plastique ou d&rsquo;autres objets dans les toilettes. Utilisez la poubelle pr\u00e9vue \u00e0 cet effet.<\/strong><\/li>\n<li>Selon la l\u00e9gislation grecque, les yachts et les bateaux ne sont pas autoris\u00e9s \u00e0 s&rsquo;amarrer directement sur la plage. Sunset Oia a soigneusement s\u00e9lectionn\u00e9 les meilleurs endroits pour nager et faire du snorkeling, aussi pr\u00e8s du rivage que la r\u00e9glementation le permet.<\/li>\n<\/ul>\n<p><strong>LE MAL DES TRANSPORTS<\/strong><\/p>\n<ul>\n<li>Notre \u00e9quipage propose du chewing-gum naturel pour pr\u00e9venir le mal de mer &#8211; n&rsquo;h\u00e9sitez pas \u00e0 demander.<\/li>\n<li>Essayez de ne pas vous focaliser sur le mal de mer, car dans la plupart des cas, il s&rsquo;agit d&rsquo;un mal psychologique.<\/li>\n<\/ul>\n<p><strong>ITIN\u00c9RAIRE ET ARR\u00caTS<\/strong><\/p>\n<ul>\n<li>Petit arr\u00eat aux <strong>sources d&rsquo;eau chaude<\/strong> pour la baignade et les photos<\/li>\n<li>Navigation pittoresque le long d&rsquo;<strong>Aspronissi, du vieux phare, d&rsquo;Akrotiri, du rocher de l&rsquo;Indien et de la montagne noire.<\/strong><\/li>\n<li>Arr\u00eat baignade et snorkeling dans la <strong>zone de la plage blanche (Messa Pigadia)<\/strong>.<\/li>\n<li>Arr\u00eat baignade et snorkeling dans la <strong>zone de Red Beach<\/strong><\/li>\n<\/ul>\n<p><em>Veuillez noter que l&rsquo;itin\u00e9raire et les arr\u00eats peuvent \u00eatre modifi\u00e9s sans pr\u00e9avis en cas de conditions m\u00e9t\u00e9orologiques d\u00e9favorables.<\/em><\/p>\n<p><strong>AUX SOURCES D&rsquo;EAU CHAUDE<\/strong><\/p>\n<p>Veuillez <strong>ne pas vous baigner dans les sources thermales<\/strong> si vous pr\u00e9sentez l&rsquo;une des conditions suivantes :<\/p>\n<ul>\n<li>Maladie cardiaque (avec ou sans m\u00e9dicaments)<\/li>\n<li>Allergie au soufre<\/li>\n<li>Hypothermie<\/li>\n<li>Grossesse<\/li>\n<li>Un repas lourd r\u00e9cent provoque des malaises<\/li>\n<li>Capacit\u00e9 de nage limit\u00e9e<\/li>\n<\/ul>\n<p>Vous pouvez choisir de nager autour du yacht ou de rester \u00e0 bord.<\/p>\n<ul>\n<li>\u00c9vitez de marcher sur les rochers, car ils sont extr\u00eamement glissants.<\/li>\n<li>Pour des raisons de s\u00e9curit\u00e9, les catamarans et les yachts jettent l&rsquo;ancre \u00e0 environ 50 m\u00e8tres des eaux chaudes et sulfureuses.<\/li>\n<li>La temp\u00e9rature de l&rsquo;eau dans la r\u00e9gion de Hot Springs est jusqu&rsquo;\u00e0 4\u00b0C plus chaude que celle de la mer.<\/li>\n<li>Les maillots de bain blancs ou de couleur claire peuvent \u00eatre tach\u00e9s par le soufre. Les bijoux (en argent ou en or) peuvent \u00e9galement se d\u00e9colorer. Veuillez \u00e9viter d&rsquo;apporter des objets de valeur.<\/li>\n<\/ul>\n<p><strong>DUR\u00c9E<\/strong><\/p>\n<ul>\n<li>Dur\u00e9e de la croisi\u00e8re d&rsquo;une demi-journ\u00e9e : environ <strong>5 heures<\/strong><\/li>\n<\/ul>\n<p>La dur\u00e9e peut varier selon la saison, en particulier pour les croisi\u00e8res au coucher du soleil :<br \/>\nJuin : environ 6 heures (lumi\u00e8re du jour plus longue)<br \/>\nOctobre : environ 4 heures et 30 minutes<\/p>\n<p><strong>SERVICES GRATUITS<\/strong><\/p>\n<ul>\n<li><strong>Barbecue pr\u00e9par\u00e9 \u00e0 bord<\/strong>, comprenant du porc ou du poulet ou des l\u00e9gumes grill\u00e9s, des fruits de mer, des p\u00e2tes, des feuilles de vigne farcies avec du riz, du tzatziki, de la salade grecque et du pain pita.\n<ul>\n<li>Croisi\u00e8re Diamant : Poisson frais disponible<\/li>\n<li>Croisi\u00e8re rouge : Fruits de mer et p\u00e2tes non fournis<\/li>\n<\/ul>\n<\/li>\n<li><strong>Boissons<\/strong>: Boissons non alcoolis\u00e9es, vin blanc local, bi\u00e8re et eau.\n<ul>\n<li>Croisi\u00e8re rouge : les services gratuits ne comprennent pas la bi\u00e8re.<\/li>\n<\/ul>\n<\/li>\n<li>\u00c9quipement de plong\u00e9e avec tuba et dispositifs flottants (\u00e0 rendre \u00e0 l&rsquo;\u00e9quipage)<\/li>\n<li>Serviettes (\u00e0 rendre \u00e0 l&rsquo;\u00e9quipage)<\/li>\n<li>Couvertures (\u00e0 rendre \u00e0 l&rsquo;\u00e9quipage)<\/li>\n<\/ul>\n","protected":false},"excerpt":{"rendered":"<p>\u00c0 BORD DU YACHT Si vous n&rsquo;avez pas confiance en vos capacit\u00e9s de nageur, demandez \u00e0 l&rsquo;\u00e9quipage une nageoire gratuite. Gardez toujours une main libre lorsque vous vous d\u00e9placez dans le yacht et \u00e9vitez de porter plusieurs objets \u00e0 la&hellip;<\/p>\n","protected":false},"author":1,"featured_media":0,"parent":0,"menu_order":0,"comment_status":"closed","ping_status":"closed","template":"kobo\/intro.php","meta":{"_acf_changed":false,"footnotes":""},"class_list":["post-4195","page","type-page","status-publish","hentry","entry","no-media"],"acf":[],"_links":{"self":[{"href":"https:\/\/guest.sailing-santorini.com\/fr\/wp-json\/wp\/v2\/pages\/4195","targetHints":{"allow":["GET"]}}],"collection":[{"href":"https:\/\/guest.sailing-santorini.com\/fr\/wp-json\/wp\/v2\/pages"}],"about":[{"href":"https:\/\/guest.sailing-santorini.com\/fr\/wp-json\/wp\/v2\/types\/page"}],"author":[{"embeddable":true,"href":"https:\/\/guest.sailing-santorini.com\/fr\/wp-json\/wp\/v2\/users\/1"}],"replies":[{"embeddable":true,"href":"https:\/\/guest.sailing-santorini.com\/fr\/wp-json\/wp\/v2\/comments?post=4195"}],"version-history":[{"count":0,"href":"https:\/\/guest.sailing-santorini.com\/fr\/wp-json\/wp\/v2\/pages\/4195\/revisions"}],"wp:attachment":[{"href":"https:\/\/guest.sailing-santorini.com\/fr\/wp-json\/wp\/v2\/media?parent=4195"}],"curies":[{"name":"wp","href":"https:\/\/api.w.org\/{rel}","templated":true}]}}