{"id":4190,"date":"2025-02-15T19:40:09","date_gmt":"2025-02-15T17:40:09","guid":{"rendered":"https:\/\/guest.sailing-santorini.com\/accueil\/"},"modified":"2026-04-03T09:39:32","modified_gmt":"2026-04-03T06:39:32","slug":"accueil","status":"publish","type":"page","link":"https:\/\/guest.sailing-santorini.com\/fr\/","title":{"rendered":"Accueil"},"content":{"rendered":"<p>Le Sunset Oia vous accueille \u00e0 bord et vous invite \u00e0 vous d\u00e9tendre et \u00e0 profiter de votre croisi\u00e8re \u00e0 Santorin. Notre capitaine et notre \u00e9quipage sont l\u00e0 pour assurer votre s\u00e9curit\u00e9 et vous offrir une exp\u00e9rience inoubliable. Que l&rsquo;aventure commence !<\/p>\n","protected":false},"excerpt":{"rendered":"<p>Le Sunset Oia vous accueille \u00e0 bord et vous invite \u00e0 vous d\u00e9tendre et \u00e0 profiter de votre croisi\u00e8re \u00e0 Santorin. Notre capitaine et notre \u00e9quipage sont l\u00e0 pour assurer votre s\u00e9curit\u00e9 et vous offrir une exp\u00e9rience inoubliable. Que l&rsquo;aventure&hellip;<\/p>\n","protected":false},"author":1,"featured_media":0,"parent":0,"menu_order":0,"comment_status":"closed","ping_status":"closed","template":"kobo\/home.php","meta":{"_acf_changed":false,"footnotes":""},"class_list":["post-4190","page","type-page","status-publish","hentry","header-overlay","entry","no-media"],"acf":[],"_links":{"self":[{"href":"https:\/\/guest.sailing-santorini.com\/fr\/wp-json\/wp\/v2\/pages\/4190","targetHints":{"allow":["GET"]}}],"collection":[{"href":"https:\/\/guest.sailing-santorini.com\/fr\/wp-json\/wp\/v2\/pages"}],"about":[{"href":"https:\/\/guest.sailing-santorini.com\/fr\/wp-json\/wp\/v2\/types\/page"}],"author":[{"embeddable":true,"href":"https:\/\/guest.sailing-santorini.com\/fr\/wp-json\/wp\/v2\/users\/1"}],"replies":[{"embeddable":true,"href":"https:\/\/guest.sailing-santorini.com\/fr\/wp-json\/wp\/v2\/comments?post=4190"}],"version-history":[{"count":1,"href":"https:\/\/guest.sailing-santorini.com\/fr\/wp-json\/wp\/v2\/pages\/4190\/revisions"}],"predecessor-version":[{"id":4206,"href":"https:\/\/guest.sailing-santorini.com\/fr\/wp-json\/wp\/v2\/pages\/4190\/revisions\/4206"}],"wp:attachment":[{"href":"https:\/\/guest.sailing-santorini.com\/fr\/wp-json\/wp\/v2\/media?parent=4190"}],"curies":[{"name":"wp","href":"https:\/\/api.w.org\/{rel}","templated":true}]}}