{"id":4225,"date":"2026-01-26T18:51:20","date_gmt":"2026-01-26T16:51:20","guid":{"rendered":"https:\/\/guest.sailing-santorini.com\/informacion-importante-del-viaje\/"},"modified":"2026-01-26T18:51:20","modified_gmt":"2026-01-26T16:51:20","slug":"informacion-importante-del-viaje","status":"publish","type":"page","link":"https:\/\/guest.sailing-santorini.com\/es\/informacion-importante-del-viaje\/","title":{"rendered":"Informaci\u00f3n importante del viaje"},"content":{"rendered":"<p><strong>A BORDO DEL YATE<\/strong><\/p>\n<ul>\n<li>Si no conf\u00edas en tus habilidades para nadar, <strong>pide a la tripulaci\u00f3n un fideo de nataci\u00f3n de cortes\u00eda<\/strong>.<\/li>\n<li><strong>Mant\u00e9n siempre una mano libre mientras te desplazas por el yate<\/strong> y evita llevar varios objetos a la vez.<\/li>\n<li>Las superficies blancas del yate incluyen ventanas negras; por favor, no las pises, pues pueden ser resbaladizas. Pisa siempre las zonas blancas.<\/li>\n<li>Las dos redes de seguridad de la parte delantera del yate no son camas el\u00e1sticas, no est\u00e1n dise\u00f1adas para saltar.  <strong>Por favor, no saltes ni te tumbes en las redes mientras navegas; s\u00f3lo se pueden utilizar cuando el yate est\u00e1 parado<\/strong><\/li>\n<li><strong>No est\u00e1 permitido bucear desde la parte delantera del yate.<\/strong>  Puedes bucear desde las zonas laterales designadas o desde la parte trasera del yate, cerca de la escalera.<\/li>\n<li>El yate est\u00e1 equipado con inodoros marinos. <strong>Por favor, no tires papel higi\u00e9nico, pl\u00e1sticos ni ning\u00fan otro objeto en el retrete. Utiliza la papelera proporcionada.<\/strong><\/li>\n<li>Seg\u00fan la legislaci\u00f3n griega, los yates y barcos no pueden amarrar directamente en la playa. Sunset Oia ha seleccionado cuidadosamente los mejores lugares posibles para nadar y bucear, tan cerca de la orilla como permiten las normas.<\/li>\n<\/ul>\n<p><strong>MAREO POR MOVIMIENTO<\/strong><\/p>\n<ul>\n<li>Nuestra tripulaci\u00f3n ofrece chicles naturales para ayudar a prevenir el mareo; no dudes en preguntar.<\/li>\n<li>Intenta no centrarte en el mareo, ya que en la mayor\u00eda de los casos es psicol\u00f3gico.<\/li>\n<\/ul>\n<p><strong>ITINERARIO Y PARADAS<\/strong><\/p>\n<ul>\n<li>Breve parada en las <strong>Termas<\/strong> para nadar y hacer fotos<\/li>\n<li>Navegaci\u00f3n panor\u00e1mica por <strong>Aspronissi, el Viejo Faro, Akrotiri, la Roca India y la Monta\u00f1a Negra<\/strong><\/li>\n<li>Parada para nadar y bucear en la <strong>zona de la Playa Blanca (Messa Pigadia)<\/strong><\/li>\n<li>Parada para nadar y bucear en la <strong>zona de la Playa Roja<\/strong><\/li>\n<\/ul>\n<p><em>Ten en cuenta que el itinerario y las paradas pueden ajustarse sin previo aviso en caso de condiciones meteorol\u00f3gicas adversas.<\/em><\/p>\n<p><strong>EN LAS TERMAS<\/strong><\/p>\n<p>Por favor, <strong>no te ba\u00f1es en las Aguas Termales<\/strong> si padeces alguna de las siguientes afecciones:<\/p>\n<ul>\n<li>Enfermedad cardiaca (con o sin medicaci\u00f3n)<\/li>\n<li>Alergia al azufre<\/li>\n<li>Hipotermia<\/li>\n<li>Embarazo<\/li>\n<li>Comida pesada reciente que causa malestar<\/li>\n<li>Capacidad limitada para nadar<\/li>\n<\/ul>\n<p>Puedes elegir nadar alrededor del yate o permanecer a bordo.<\/p>\n<ul>\n<li>Evita pisar las rocas, ya que son extremadamente resbaladizas.<\/li>\n<li>Por razones de seguridad, los catamaranes y yates fondean a unos 50 metros de las c\u00e1lidas aguas sulfurosas.<\/li>\n<li>La temperatura del agua de la zona termal es hasta 4\u00b0C m\u00e1s c\u00e1lida que la del mar abierto.<\/li>\n<li>Los ba\u00f1adores blancos o de colores claros pueden mancharse debido al azufre. Las joyas (de plata u oro) tambi\u00e9n pueden decolorarse. Por favor, evita traer objetos de valor.<\/li>\n<\/ul>\n<p><strong>DURACI\u00d3N<\/strong><\/p>\n<ul>\n<li>Duraci\u00f3n del crucero de medio d\u00eda: aproximadamente <strong>5 horas<\/strong><\/li>\n<\/ul>\n<p>La duraci\u00f3n puede variar seg\u00fan la estaci\u00f3n, especialmente en los cruceros al atardecer:<br \/>\nJunio: aproximadamente 6 horas (m\u00e1s luz diurna)<br \/>\nOctubre: aproximadamente 4 horas y 30 minutos<\/p>\n<p><strong>SERVICIOS GRATUITOS<\/strong><\/p>\n<ul>\n<li><strong>Barbacoa preparada<\/strong> a bordo, incluyendo cerdo o pollo o verduras a la parrilla, marisco, pasta, hojas de parra rellenas con arroz, tzatziki, ensalada griega y pan de pita\n<ul>\n<li>Crucero Diamante: Pescado fresco disponible<\/li>\n<li>Crucero Rojo: Marisco y pasta no incluidos<\/li>\n<\/ul>\n<\/li>\n<li><strong>Bebidas<\/strong>: Refrescos, vino blanco local, cerveza y agua\n<ul>\n<li>Crucero Rojo: los servicios gratuitos no incluyen la cerveza.<\/li>\n<\/ul>\n<\/li>\n<li>Equipo de snorkel y flotadores (se devolver\u00e1n a la tripulaci\u00f3n)<\/li>\n<li>Toallas (para devolver a la tripulaci\u00f3n)<\/li>\n<li>Mantas (para devolver a la tripulaci\u00f3n)<\/li>\n<\/ul>\n","protected":false},"excerpt":{"rendered":"<p>A BORDO DEL YATE Si no conf\u00edas en tus habilidades para nadar, pide a la tripulaci\u00f3n un fideo de nataci\u00f3n de cortes\u00eda. Mant\u00e9n siempre una mano libre mientras te desplazas por el yate y evita llevar varios objetos a la&hellip;<\/p>\n","protected":false},"author":1,"featured_media":0,"parent":0,"menu_order":0,"comment_status":"closed","ping_status":"closed","template":"kobo\/intro.php","meta":{"_acf_changed":false,"footnotes":""},"class_list":["post-4225","page","type-page","status-publish","hentry","entry","no-media"],"acf":[],"_links":{"self":[{"href":"https:\/\/guest.sailing-santorini.com\/es\/wp-json\/wp\/v2\/pages\/4225","targetHints":{"allow":["GET"]}}],"collection":[{"href":"https:\/\/guest.sailing-santorini.com\/es\/wp-json\/wp\/v2\/pages"}],"about":[{"href":"https:\/\/guest.sailing-santorini.com\/es\/wp-json\/wp\/v2\/types\/page"}],"author":[{"embeddable":true,"href":"https:\/\/guest.sailing-santorini.com\/es\/wp-json\/wp\/v2\/users\/1"}],"replies":[{"embeddable":true,"href":"https:\/\/guest.sailing-santorini.com\/es\/wp-json\/wp\/v2\/comments?post=4225"}],"version-history":[{"count":0,"href":"https:\/\/guest.sailing-santorini.com\/es\/wp-json\/wp\/v2\/pages\/4225\/revisions"}],"wp:attachment":[{"href":"https:\/\/guest.sailing-santorini.com\/es\/wp-json\/wp\/v2\/media?parent=4225"}],"curies":[{"name":"wp","href":"https:\/\/api.w.org\/{rel}","templated":true}]}}