{"id":4201,"date":"2025-02-15T19:40:09","date_gmt":"2025-02-15T17:40:09","guid":{"rendered":"https:\/\/guest.sailing-santorini.com\/inicio\/"},"modified":"2025-02-15T19:40:09","modified_gmt":"2025-02-15T17:40:09","slug":"inicio","status":"publish","type":"page","link":"https:\/\/guest.sailing-santorini.com\/es\/","title":{"rendered":"Inicio"},"content":{"rendered":"<p>Sunset Oia te da la bienvenida a bordo y te invita a relajarte y disfrutar de tu crucero por Santorini. Nuestro capit\u00e1n y nuestra tripulaci\u00f3n est\u00e1n aqu\u00ed para garantizar tu seguridad y ofrecerte una experiencia inolvidable. \u00a1Que empiece la aventura!<\/p>\n","protected":false},"excerpt":{"rendered":"<p>Sunset Oia te da la bienvenida a bordo y te invita a relajarte y disfrutar de tu crucero por Santorini. Nuestro capit\u00e1n y nuestra tripulaci\u00f3n est\u00e1n aqu\u00ed para garantizar tu seguridad y ofrecerte una experiencia inolvidable. \u00a1Que empiece la aventura!<\/p>\n","protected":false},"author":1,"featured_media":0,"parent":0,"menu_order":0,"comment_status":"closed","ping_status":"closed","template":"kobo\/home.php","meta":{"_acf_changed":false,"footnotes":""},"class_list":["post-4201","page","type-page","status-publish","hentry","header-overlay","entry","no-media"],"acf":[],"_links":{"self":[{"href":"https:\/\/guest.sailing-santorini.com\/es\/wp-json\/wp\/v2\/pages\/4201","targetHints":{"allow":["GET"]}}],"collection":[{"href":"https:\/\/guest.sailing-santorini.com\/es\/wp-json\/wp\/v2\/pages"}],"about":[{"href":"https:\/\/guest.sailing-santorini.com\/es\/wp-json\/wp\/v2\/types\/page"}],"author":[{"embeddable":true,"href":"https:\/\/guest.sailing-santorini.com\/es\/wp-json\/wp\/v2\/users\/1"}],"replies":[{"embeddable":true,"href":"https:\/\/guest.sailing-santorini.com\/es\/wp-json\/wp\/v2\/comments?post=4201"}],"version-history":[{"count":0,"href":"https:\/\/guest.sailing-santorini.com\/es\/wp-json\/wp\/v2\/pages\/4201\/revisions"}],"wp:attachment":[{"href":"https:\/\/guest.sailing-santorini.com\/es\/wp-json\/wp\/v2\/media?parent=4201"}],"curies":[{"name":"wp","href":"https:\/\/api.w.org\/{rel}","templated":true}]}}